{"id":207,"date":"2023-11-30T21:39:54","date_gmt":"2023-11-30T21:39:54","guid":{"rendered":"https:\/\/r2g.com.mx\/?post_type=product&#038;p=207"},"modified":"2026-01-09T21:36:38","modified_gmt":"2026-01-09T21:36:38","slug":"teja-pvc-florencia","status":"publish","type":"product","link":"https:\/\/r2g.com.mx\/index.php\/producto\/teja-pvc-florencia\/","title":{"rendered":"TEJA PVC FLORENCIA 9.84 x 1.05m"},"content":{"rendered":"<p>Largo: 9,84 m<\/p>\n<p>Ancho: 105 cm<\/p>\n<p>\u00c1rea: 10,33 m2<\/p>\n<p>Espesor: 2,5 mm<\/p>\n<p>Con Caracter\u00edsticas: T\u00e9rmica &#8211; Auto Extinguible &#8211; Anti Corrosiva &#8211; Termo Ac\u00fastica &#8211; Ligera &#8211; Anti Bacterial &#8211; Aislante El\u00e9ctrico &#8211; Resistencia a vientos.<\/p>\n","protected":false},"excerpt":{"rendered":"<p>Largo: 9,84 m Ancho: 105 cm \u00c1rea: 10,33 m2 Espesor: 2,5 mm Con Caracter\u00edsticas: T\u00e9rmica &#8211; Auto Extinguible &#8211; Anti Corrosiva &#8211; Termo Ac\u00fastica &#8211; Ligera &#8211; Anti Bacterial &#8211; Aislante El\u00e9ctrico &#8211; Resistencia a vientos.<\/p>\n","protected":false},"featured_media":807,"comment_status":"open","ping_status":"closed","template":"","meta":[],"product_cat":[18],"product_tag":[],"class_list":{"0":"post-207","1":"product","2":"type-product","3":"status-publish","4":"has-post-thumbnail","6":"product_cat-laminas-paneles-pvc","8":"first","9":"instock","10":"taxable","11":"shipping-taxable","12":"product-type-simple"},"_links":{"self":[{"href":"https:\/\/r2g.com.mx\/index.php\/wp-json\/wp\/v2\/product\/207","targetHints":{"allow":["GET"]}}],"collection":[{"href":"https:\/\/r2g.com.mx\/index.php\/wp-json\/wp\/v2\/product"}],"about":[{"href":"https:\/\/r2g.com.mx\/index.php\/wp-json\/wp\/v2\/types\/product"}],"replies":[{"embeddable":true,"href":"https:\/\/r2g.com.mx\/index.php\/wp-json\/wp\/v2\/comments?post=207"}],"wp:featuredmedia":[{"embeddable":true,"href":"https:\/\/r2g.com.mx\/index.php\/wp-json\/wp\/v2\/media\/807"}],"wp:attachment":[{"href":"https:\/\/r2g.com.mx\/index.php\/wp-json\/wp\/v2\/media?parent=207"}],"wp:term":[{"taxonomy":"product_cat","embeddable":true,"href":"https:\/\/r2g.com.mx\/index.php\/wp-json\/wp\/v2\/product_cat?post=207"},{"taxonomy":"product_tag","embeddable":true,"href":"https:\/\/r2g.com.mx\/index.php\/wp-json\/wp\/v2\/product_tag?post=207"}],"curies":[{"name":"wp","href":"https:\/\/api.w.org\/{rel}","templated":true}]}}