{"id":482,"date":"2024-07-12T15:55:26","date_gmt":"2024-07-12T15:55:26","guid":{"rendered":"https:\/\/r2g.com.mx\/?post_type=product&#038;p=482"},"modified":"2026-01-09T21:36:39","modified_gmt":"2026-01-09T21:36:39","slug":"lamina-pvc-r101-1-capa-3-05-x-1-07m","status":"publish","type":"product","link":"https:\/\/r2g.com.mx\/index.php\/producto\/lamina-pvc-r101-1-capa-3-05-x-1-07m\/","title":{"rendered":"LAMINA PVC R101 1 CAPA 3.05 x 1.07m"},"content":{"rendered":"<p>Largo: 3,05 m<\/p>\n<p>Ancho: 107 cm<\/p>\n<p>\u00c1rea: 3,27 m2<\/p>\n<p>Espesor: 1.2 mm<\/p>\n<p>Con Caracter\u00edsticas: T\u00e9rmica \u2013 Auto Extinguible \u2013 Anti Corrosiva \u2013 Termo Ac\u00fastica \u2013 Ligera \u2013 Anti Bacterial \u2013 Aislante El\u00e9ctrico \u2013 Resistencia a vientos.<\/p>\n","protected":false},"excerpt":{"rendered":"<p>Largo: 3,05 m Ancho: 107 cm \u00c1rea: 3,27 m2 Espesor: 1.2 mm Con Caracter\u00edsticas: T\u00e9rmica \u2013 Auto Extinguible \u2013 Anti Corrosiva \u2013 Termo Ac\u00fastica \u2013 Ligera \u2013 Anti Bacterial \u2013 Aislante El\u00e9ctrico \u2013 Resistencia a vientos.<\/p>\n","protected":false},"featured_media":732,"comment_status":"open","ping_status":"closed","template":"","meta":[],"product_cat":[18],"product_tag":[],"class_list":{"0":"post-482","1":"product","2":"type-product","3":"status-publish","4":"has-post-thumbnail","6":"product_cat-laminas-paneles-pvc","8":"first","9":"instock","10":"taxable","11":"shipping-taxable","12":"product-type-simple"},"_links":{"self":[{"href":"https:\/\/r2g.com.mx\/index.php\/wp-json\/wp\/v2\/product\/482","targetHints":{"allow":["GET"]}}],"collection":[{"href":"https:\/\/r2g.com.mx\/index.php\/wp-json\/wp\/v2\/product"}],"about":[{"href":"https:\/\/r2g.com.mx\/index.php\/wp-json\/wp\/v2\/types\/product"}],"replies":[{"embeddable":true,"href":"https:\/\/r2g.com.mx\/index.php\/wp-json\/wp\/v2\/comments?post=482"}],"wp:featuredmedia":[{"embeddable":true,"href":"https:\/\/r2g.com.mx\/index.php\/wp-json\/wp\/v2\/media\/732"}],"wp:attachment":[{"href":"https:\/\/r2g.com.mx\/index.php\/wp-json\/wp\/v2\/media?parent=482"}],"wp:term":[{"taxonomy":"product_cat","embeddable":true,"href":"https:\/\/r2g.com.mx\/index.php\/wp-json\/wp\/v2\/product_cat?post=482"},{"taxonomy":"product_tag","embeddable":true,"href":"https:\/\/r2g.com.mx\/index.php\/wp-json\/wp\/v2\/product_tag?post=482"}],"curies":[{"name":"wp","href":"https:\/\/api.w.org\/{rel}","templated":true}]}}