{"id":489,"date":"2024-07-12T16:20:19","date_gmt":"2024-07-12T16:20:19","guid":{"rendered":"https:\/\/r2g.com.mx\/?post_type=product&#038;p=489"},"modified":"2026-01-09T21:36:40","modified_gmt":"2026-01-09T21:36:40","slug":"lamina-pvc-trapezoide-3-capas-3mm-6-10-x-1-36m","status":"publish","type":"product","link":"https:\/\/r2g.com.mx\/index.php\/producto\/lamina-pvc-trapezoide-3-capas-3mm-6-10-x-1-36m\/","title":{"rendered":"LAMINA PVC TRAPEZOIDE 3 CAPAS 3mm 6.10 x 1.36m"},"content":{"rendered":"<p>Largo: 6,10 m<\/p>\n<p>Ancho: 136 cm<\/p>\n<p>\u00c1rea: 8,30 m2<\/p>\n<p>Espesor: 3 mm<\/p>\n<p>Con Caracter\u00edsticas: T\u00e9rmica \u2013 Auto Extinguible \u2013 Anti Corrosiva \u2013 Termo Ac\u00fastica \u2013 Ligera \u2013 Anti Bacterial \u2013 Aislante El\u00e9ctrico \u2013 Resistencia a vientos.<\/p>\n","protected":false},"excerpt":{"rendered":"<p>Largo: 6,10 m Ancho: 136 cm \u00c1rea: 8,30 m2 Espesor: 3 mm Con Caracter\u00edsticas: T\u00e9rmica \u2013 Auto Extinguible \u2013 Anti Corrosiva \u2013 Termo Ac\u00fastica \u2013 Ligera \u2013 Anti Bacterial \u2013 Aislante El\u00e9ctrico \u2013 Resistencia a vientos.<\/p>\n","protected":false},"featured_media":737,"comment_status":"open","ping_status":"closed","template":"","meta":[],"product_cat":[18],"product_tag":[],"class_list":{"0":"post-489","1":"product","2":"type-product","3":"status-publish","4":"has-post-thumbnail","6":"product_cat-laminas-paneles-pvc","8":"first","9":"instock","10":"taxable","11":"shipping-taxable","12":"product-type-simple"},"_links":{"self":[{"href":"https:\/\/r2g.com.mx\/index.php\/wp-json\/wp\/v2\/product\/489","targetHints":{"allow":["GET"]}}],"collection":[{"href":"https:\/\/r2g.com.mx\/index.php\/wp-json\/wp\/v2\/product"}],"about":[{"href":"https:\/\/r2g.com.mx\/index.php\/wp-json\/wp\/v2\/types\/product"}],"replies":[{"embeddable":true,"href":"https:\/\/r2g.com.mx\/index.php\/wp-json\/wp\/v2\/comments?post=489"}],"wp:featuredmedia":[{"embeddable":true,"href":"https:\/\/r2g.com.mx\/index.php\/wp-json\/wp\/v2\/media\/737"}],"wp:attachment":[{"href":"https:\/\/r2g.com.mx\/index.php\/wp-json\/wp\/v2\/media?parent=489"}],"wp:term":[{"taxonomy":"product_cat","embeddable":true,"href":"https:\/\/r2g.com.mx\/index.php\/wp-json\/wp\/v2\/product_cat?post=489"},{"taxonomy":"product_tag","embeddable":true,"href":"https:\/\/r2g.com.mx\/index.php\/wp-json\/wp\/v2\/product_tag?post=489"}],"curies":[{"name":"wp","href":"https:\/\/api.w.org\/{rel}","templated":true}]}}